{"id":13520,"date":"2021-09-07T13:59:44","date_gmt":"2021-09-07T13:59:44","guid":{"rendered":"https:\/\/elementor.zozothemes.com\/restaurt\/our-portfolio-copy\/"},"modified":"2021-09-07T13:59:44","modified_gmt":"2021-09-07T13:59:44","slug":"portfolio-no-gutter","status":"publish","type":"page","link":"https:\/\/test.vaneet.me\/?page_id=13520","title":{"rendered":"Portfolio No Gutter"},"content":{"rendered":"\t\t<div data-elementor-type=\"wp-page\" data-elementor-id=\"13520\" class=\"elementor elementor-13520\">\n\t\t\t\t\t\t<section class=\"elementor-section elementor-top-section elementor-element elementor-element-7b0158c elementor-section-content-middle elementor-section-stretched elementor-section-boxed elementor-section-height-default elementor-section-height-default\" data-id=\"7b0158c\" data-element_type=\"section\" data-e-type=\"section\" data-settings=\"{&quot;stretch_section&quot;:&quot;section-stretched&quot;,&quot;background_background&quot;:&quot;classic&quot;}\">\n\t\t\t\t\t\t\t<div class=\"elementor-background-overlay\"><\/div>\n\t\t\t\t\t\t\t<div class=\"elementor-container elementor-column-gap-extended\">\n\t\t\t\t\t<div class=\"elementor-column elementor-col-100 elementor-top-column elementor-element elementor-element-466e96a\" data-id=\"466e96a\" data-element_type=\"column\" data-e-type=\"column\">\n\t\t\t<div class=\"elementor-widget-wrap elementor-element-populated\">\n\t\t\t\t\t\t<div class=\"elementor-element elementor-element-b0c88f1 elementor-widget elementor-widget-ceaportfolio\" data-id=\"b0c88f1\" data-element_type=\"widget\" data-e-type=\"widget\" data-widget_type=\"ceaportfolio.default\">\n\t\t\t\t\r\n\t\t<div class=\"elementor-widget-container portfolio-wrapper portfolio-style-classic-pro portfolio-light portfolio-isotope-model image-gallery\">\r\n\t\t\r\n\t\t\t<div class=\"isotope-filter\"><ul class=\"nav m-auto d-block\"><li class=\"active\"><a href=\"#\" class=\"isotope-filter-item\" data-filter=\"\">All<\/a><\/li><li><a href=\"#\" class=\"isotope-filter-item\" data-filter=\".portfolio-filter-40\">Desserts<\/a><\/li><li><a href=\"#\" class=\"isotope-filter-item\" data-filter=\".portfolio-filter-57\">\u0421offee<\/a><\/li><\/ul><\/div><div class=\"isotope isotope-col-3\" data-cols=\"3\" data-gutter=\"0\" data-layout=\"masonry\" data-infinite=\"\" data-lazyload=\"\" data-loadmsg=\"Loading..\" data-loadend=\"No more posts..\" data-loadimg=\"https:\/\/test.vaneet.me\/wp-content\/plugins\/classic-elementor-addons-pro\/assets\/images\/infinite-loader.gif\"><div class=\"isotope-item portfolio-filter-40 portfolio-filter-55\"><div class=\"portfolio-inner\"><div class=\"post-thumb post-overlay-active\"><a href=\"https:\/\/test.vaneet.me\/?cea-portfolio=italian-pasta\" class=\"post-image-link\"><img decoding=\"async\" src=\"https:\/\/test.vaneet.me\/wp-content\/uploads\/2017\/10\/12.jpg\" title=\"12\" alt=\"\" class=\"img-fluid squared\" \/><\/a><div class=\"post-overlay-items\"><div class=\"post-icons\"><ul class=\"nav\"><li class=\"post-magnific-wrap\"><a href=\"#\" class=\"post-magnific image-gallery-link\" data-mfp-src=\"https:\/\/test.vaneet.me\/wp-content\/uploads\/2017\/10\/12.jpg\"><span class=\"ti-zoom-in\"><\/span><\/a><\/li><li class=\"post-link-wrap\"><a href=\"https:\/\/test.vaneet.me\/?cea-portfolio=italian-pasta\" class=\"post-link\"><span class=\"ti-link\"><\/span><\/a><\/li><\/ul><\/div><!-- .post-icons --><div class=\"entry-title\"><h4 class=\"post-title-head\"><a href=\"https:\/\/test.vaneet.me\/?cea-portfolio=italian-pasta\" class=\"post-title\">Italian Pasta<\/a><\/h4><\/div><!-- .entry-title --><\/div><\/div><!-- .post-thumb --><div class=\"post-details-outer\"><\/div><!-- .post-details-outer --><\/div><!-- .portfolio-inner --><\/div><!-- .col \/ .owl-carousel-item \/ .isotope --><div class=\"isotope-item portfolio-filter-40\"><div class=\"portfolio-inner\"><div class=\"post-thumb post-overlay-active\"><a href=\"https:\/\/test.vaneet.me\/?cea-portfolio=chicken-nuggets\" class=\"post-image-link\"><img decoding=\"async\" src=\"https:\/\/test.vaneet.me\/wp-content\/uploads\/2017\/10\/3.jpg\" title=\"3\" alt=\"\" class=\"img-fluid squared img-fluid squared\" \/><\/a><div class=\"post-overlay-items\"><div class=\"post-icons\"><ul class=\"nav\"><li class=\"post-magnific-wrap\"><a href=\"#\" class=\"post-magnific image-gallery-link\" data-mfp-src=\"https:\/\/test.vaneet.me\/wp-content\/uploads\/2017\/10\/3.jpg\"><span class=\"ti-zoom-in\"><\/span><\/a><\/li><li class=\"post-link-wrap\"><a href=\"https:\/\/test.vaneet.me\/?cea-portfolio=chicken-nuggets\" class=\"post-link\"><span class=\"ti-link\"><\/span><\/a><\/li><\/ul><\/div><!-- .post-icons --><div class=\"entry-title\"><h4 class=\"post-title-head\"><a href=\"https:\/\/test.vaneet.me\/?cea-portfolio=chicken-nuggets\" class=\"post-title\">Chicken Nuggets<\/a><\/h4><\/div><!-- .entry-title --><\/div><\/div><!-- .post-thumb --><div class=\"post-details-outer\"><\/div><!-- .post-details-outer --><\/div><!-- .portfolio-inner --><\/div><!-- .col \/ .owl-carousel-item \/ .isotope --><div class=\"isotope-item portfolio-filter-40 portfolio-filter-55\"><div class=\"portfolio-inner\"><div class=\"post-thumb post-overlay-active\"><a href=\"https:\/\/test.vaneet.me\/?cea-portfolio=fine-pair\" class=\"post-image-link\"><img decoding=\"async\" src=\"https:\/\/test.vaneet.me\/wp-content\/uploads\/2017\/10\/pexels-alisha-mishra-1343504.jpg\" title=\"pexels-alisha-mishra-1343504\" alt=\"\" class=\"img-fluid squared img-fluid squared img-fluid squared\" \/><\/a><div class=\"post-overlay-items\"><div class=\"post-icons\"><ul class=\"nav\"><li class=\"post-magnific-wrap\"><a href=\"#\" class=\"post-magnific image-gallery-link\" data-mfp-src=\"https:\/\/test.vaneet.me\/wp-content\/uploads\/2017\/10\/pexels-alisha-mishra-1343504.jpg\"><span class=\"ti-zoom-in\"><\/span><\/a><\/li><li class=\"post-link-wrap\"><a href=\"https:\/\/test.vaneet.me\/?cea-portfolio=fine-pair\" class=\"post-link\"><span class=\"ti-link\"><\/span><\/a><\/li><\/ul><\/div><!-- .post-icons --><div class=\"entry-title\"><h4 class=\"post-title-head\"><a href=\"https:\/\/test.vaneet.me\/?cea-portfolio=fine-pair\" class=\"post-title\">Fine Pair<\/a><\/h4><\/div><!-- .entry-title --><\/div><\/div><!-- .post-thumb --><div class=\"post-details-outer\"><\/div><!-- .post-details-outer --><\/div><!-- .portfolio-inner --><\/div><!-- .col \/ .owl-carousel-item \/ .isotope --><div class=\"isotope-item portfolio-filter-40 portfolio-filter-53\"><div class=\"portfolio-inner\"><div class=\"post-thumb post-overlay-active\"><a href=\"https:\/\/test.vaneet.me\/?cea-portfolio=carbonara-pasta\" class=\"post-image-link\"><img decoding=\"async\" src=\"https:\/\/test.vaneet.me\/wp-content\/uploads\/2017\/10\/pexels-feyza-yildirim-14085452.jpg\" title=\"pexels-feyza-y\u0131ld\u0131r\u0131m-14085452\" alt=\"\" class=\"img-fluid squared img-fluid squared img-fluid squared img-fluid squared\" \/><\/a><div class=\"post-overlay-items\"><div class=\"post-icons\"><ul class=\"nav\"><li class=\"post-magnific-wrap\"><a href=\"#\" class=\"post-magnific image-gallery-link\" data-mfp-src=\"https:\/\/test.vaneet.me\/wp-content\/uploads\/2017\/10\/pexels-feyza-yildirim-14085452.jpg\"><span class=\"ti-zoom-in\"><\/span><\/a><\/li><li class=\"post-link-wrap\"><a href=\"https:\/\/test.vaneet.me\/?cea-portfolio=carbonara-pasta\" class=\"post-link\"><span class=\"ti-link\"><\/span><\/a><\/li><\/ul><\/div><!-- .post-icons --><div class=\"entry-title\"><h4 class=\"post-title-head\"><a href=\"https:\/\/test.vaneet.me\/?cea-portfolio=carbonara-pasta\" class=\"post-title\">Carbonara Pasta<\/a><\/h4><\/div><!-- .entry-title --><\/div><\/div><!-- .post-thumb --><div class=\"post-details-outer\"><\/div><!-- .post-details-outer --><\/div><!-- .portfolio-inner --><\/div><!-- .col \/ .owl-carousel-item \/ .isotope --><div class=\"isotope-item portfolio-filter-49 portfolio-filter-57\"><div class=\"portfolio-inner\"><div class=\"post-thumb post-overlay-active\"><a href=\"https:\/\/test.vaneet.me\/?cea-portfolio=coffee-cocktail\" class=\"post-image-link\"><img decoding=\"async\" src=\"https:\/\/test.vaneet.me\/wp-content\/uploads\/2022\/08\/portfolio15-1-1.jpg\" title=\"portfolio15\" alt=\"\" class=\"img-fluid squared img-fluid squared img-fluid squared img-fluid squared img-fluid squared\" \/><\/a><div class=\"post-overlay-items\"><div class=\"post-icons\"><ul class=\"nav\"><li class=\"post-magnific-wrap\"><a href=\"#\" class=\"post-magnific image-gallery-link\" data-mfp-src=\"https:\/\/test.vaneet.me\/wp-content\/uploads\/2022\/08\/portfolio15-1-1.jpg\"><span class=\"ti-zoom-in\"><\/span><\/a><\/li><li class=\"post-link-wrap\"><a href=\"https:\/\/test.vaneet.me\/?cea-portfolio=coffee-cocktail\" class=\"post-link\"><span class=\"ti-link\"><\/span><\/a><\/li><\/ul><\/div><!-- .post-icons --><div class=\"entry-title\"><h4 class=\"post-title-head\"><a href=\"https:\/\/test.vaneet.me\/?cea-portfolio=coffee-cocktail\" class=\"post-title\">Coffee Cocktail<\/a><\/h4><\/div><!-- .entry-title --><\/div><\/div><!-- .post-thumb --><div class=\"post-details-outer\"><\/div><!-- .post-details-outer --><\/div><!-- .portfolio-inner --><\/div><!-- .col \/ .owl-carousel-item \/ .isotope --><div class=\"isotope-item portfolio-filter-45 portfolio-filter-57\"><div class=\"portfolio-inner\"><div class=\"post-thumb post-overlay-active\"><a href=\"https:\/\/test.vaneet.me\/?cea-portfolio=punch-party\" class=\"post-image-link\"><img decoding=\"async\" src=\"https:\/\/test.vaneet.me\/wp-content\/uploads\/2022\/08\/portfolio8-1-1.jpg\" title=\"portfolio8\" alt=\"\" class=\"img-fluid squared img-fluid squared img-fluid squared img-fluid squared img-fluid squared img-fluid squared\" \/><\/a><div class=\"post-overlay-items\"><div class=\"post-icons\"><ul class=\"nav\"><li class=\"post-magnific-wrap\"><a href=\"#\" class=\"post-magnific image-gallery-link\" data-mfp-src=\"https:\/\/test.vaneet.me\/wp-content\/uploads\/2022\/08\/portfolio8-1-1.jpg\"><span class=\"ti-zoom-in\"><\/span><\/a><\/li><li class=\"post-link-wrap\"><a href=\"https:\/\/test.vaneet.me\/?cea-portfolio=punch-party\" class=\"post-link\"><span class=\"ti-link\"><\/span><\/a><\/li><\/ul><\/div><!-- .post-icons --><div class=\"entry-title\"><h4 class=\"post-title-head\"><a href=\"https:\/\/test.vaneet.me\/?cea-portfolio=punch-party\" class=\"post-title\">Punch Party<\/a><\/h4><\/div><!-- .entry-title --><\/div><\/div><!-- .post-thumb --><div class=\"post-details-outer\"><\/div><!-- .post-details-outer --><\/div><!-- .portfolio-inner --><\/div><!-- .col \/ .owl-carousel-item \/ .isotope --><div class=\"isotope-item portfolio-filter-45 portfolio-filter-57\"><div class=\"portfolio-inner\"><div class=\"post-thumb post-overlay-active\"><a href=\"https:\/\/test.vaneet.me\/?cea-portfolio=enhancing-feelings\" class=\"post-image-link\"><img decoding=\"async\" src=\"https:\/\/test.vaneet.me\/wp-content\/uploads\/2022\/08\/portfolio1-1-1.jpg\" title=\"portfolio1\" alt=\"\" class=\"img-fluid squared img-fluid squared img-fluid squared img-fluid squared img-fluid squared img-fluid squared img-fluid squared\" \/><\/a><div class=\"post-overlay-items\"><div class=\"post-icons\"><ul class=\"nav\"><li class=\"post-magnific-wrap\"><a href=\"#\" class=\"post-magnific image-gallery-link\" data-mfp-src=\"https:\/\/test.vaneet.me\/wp-content\/uploads\/2022\/08\/portfolio1-1-1.jpg\"><span class=\"ti-zoom-in\"><\/span><\/a><\/li><li class=\"post-link-wrap\"><a href=\"https:\/\/test.vaneet.me\/?cea-portfolio=enhancing-feelings\" class=\"post-link\"><span class=\"ti-link\"><\/span><\/a><\/li><\/ul><\/div><!-- .post-icons --><div class=\"entry-title\"><h4 class=\"post-title-head\"><a href=\"https:\/\/test.vaneet.me\/?cea-portfolio=enhancing-feelings\" class=\"post-title\">Enhancing Feelings<\/a><\/h4><\/div><!-- .entry-title --><\/div><\/div><!-- .post-thumb --><div class=\"post-details-outer\"><\/div><!-- .post-details-outer --><\/div><!-- .portfolio-inner --><\/div><!-- .col \/ .owl-carousel-item \/ .isotope --><\/div><!-- .isotope -->\t\t\t\r\n\t\t<\/div>\r\n\t\t\t\t<\/div>\n\t\t\t\t\t<\/div>\n\t\t<\/div>\n\t\t\t\t\t<\/div>\n\t\t<\/section>\n\t\t\t\t<\/div>\n\t\t","protected":false},"excerpt":{"rendered":"<p>All Events Main Courses Seafood Desserts Fish Week Grand Office Innovation Clinic Maroon..<\/p>\n","protected":false},"author":1,"featured_media":0,"parent":0,"menu_order":0,"comment_status":"closed","ping_status":"closed","template":"","meta":{"footnotes":""},"class_list":["post-13520","page","type-page","status-publish","hentry"],"_links":{"self":[{"href":"https:\/\/test.vaneet.me\/index.php?rest_route=\/wp\/v2\/pages\/13520","targetHints":{"allow":["GET"]}}],"collection":[{"href":"https:\/\/test.vaneet.me\/index.php?rest_route=\/wp\/v2\/pages"}],"about":[{"href":"https:\/\/test.vaneet.me\/index.php?rest_route=\/wp\/v2\/types\/page"}],"author":[{"embeddable":true,"href":"https:\/\/test.vaneet.me\/index.php?rest_route=\/wp\/v2\/users\/1"}],"replies":[{"embeddable":true,"href":"https:\/\/test.vaneet.me\/index.php?rest_route=%2Fwp%2Fv2%2Fcomments&post=13520"}],"version-history":[{"count":0,"href":"https:\/\/test.vaneet.me\/index.php?rest_route=\/wp\/v2\/pages\/13520\/revisions"}],"wp:attachment":[{"href":"https:\/\/test.vaneet.me\/index.php?rest_route=%2Fwp%2Fv2%2Fmedia&parent=13520"}],"curies":[{"name":"wp","href":"https:\/\/api.w.org\/{rel}","templated":true}]}}